{"id":333,"date":"2025-10-28T17:16:30","date_gmt":"2025-10-28T17:16:30","guid":{"rendered":"https:\/\/frutiflora.cl\/?page_id=333"},"modified":"2025-11-19T20:57:01","modified_gmt":"2025-11-19T20:57:01","slug":"333-2","status":"publish","type":"page","link":"https:\/\/frutiflora.cl\/es_cl\/333-2\/","title":{"rendered":"Servicio para empresas y oficinas"},"content":{"rendered":"\n<p>Creamos un espacio sensorial en el trabajo. <\/p>\n\n\n\n<div class=\"wp-block-media-text is-stacked-on-mobile\"><figure class=\"wp-block-media-text__media\"><img data-recalc-dims=\"1\" loading=\"lazy\" decoding=\"async\" width=\"1024\" height=\"690\" src=\"https:\/\/i0.wp.com\/frutiflora.cl\/wp-content\/uploads\/2025\/10\/IMG_0062.jpg?resize=1024%2C690&#038;ssl=1\" alt=\"\" class=\"wp-image-337 size-full\" srcset=\"https:\/\/i0.wp.com\/frutiflora.cl\/wp-content\/uploads\/2025\/10\/IMG_0062-scaled.jpg?resize=1024%2C690&amp;ssl=1 1024w, https:\/\/i0.wp.com\/frutiflora.cl\/wp-content\/uploads\/2025\/10\/IMG_0062-scaled.jpg?resize=600%2C404&amp;ssl=1 600w, https:\/\/i0.wp.com\/frutiflora.cl\/wp-content\/uploads\/2025\/10\/IMG_0062-scaled.jpg?resize=300%2C202&amp;ssl=1 300w, https:\/\/i0.wp.com\/frutiflora.cl\/wp-content\/uploads\/2025\/10\/IMG_0062-scaled.jpg?resize=768%2C517&amp;ssl=1 768w, https:\/\/i0.wp.com\/frutiflora.cl\/wp-content\/uploads\/2025\/10\/IMG_0062-scaled.jpg?resize=1536%2C1035&amp;ssl=1 1536w, https:\/\/i0.wp.com\/frutiflora.cl\/wp-content\/uploads\/2025\/10\/IMG_0062-scaled.jpg?resize=2048%2C1379&amp;ssl=1 2048w\" sizes=\"auto, (max-width: 1000px) 100vw, 1000px\" \/><\/figure><div class=\"wp-block-media-text__content\">\n<p><strong>Transformamos espacios laborales<\/strong><\/p>\n\n\n\n<p>Integramos frutas frescas y flores naturales para revitalizar el ambiente laboral, creando un espacio m\u00e1s atractivo y agradable.<\/p>\n\n\n\n<p><strong>Ayudamos en la estimulaci\u00f3n de sentidos<\/strong><\/p>\n\n\n\n<p>La propuesta sensorial que ofrecemos estimula la vista, el olfato y el gusto, fomentando sensaciones positivas en los colaboradores.<\/p>\n\n\n\n<p><strong>Acompa\u00f1amos en la promoci\u00f3n de la motivaci\u00f3n laboral y el bienestar en equipos<\/strong><\/p>\n\n\n\n<p>Un entorno laboral sensorialmente enriquecido contribuye al bienestar emocional y a la motivaci\u00f3n del equipo.<\/p>\n<\/div><\/div>\n\n\n<p class=\"wp-block-site-tagline\">Bienestar que llega directo a tu empresa. <\/p>\n\n\n<p><strong>Eficiencia y puntualidad<\/strong><\/p>\n\n\n\n<p>Aseguramos entregas puntuales y ejecuci\u00f3n impecable, proporcionando confianza y tranquilidad a nuestros clientes en cada servicio.<\/p>\n\n\n\n<p><strong>Selecci\u00f3n de productos frescos<\/strong><\/p>\n\n\n\n<p>Seleccionamos cuidadosamente productos frescos y de calidad, reflejando nuestro profesionalismo y generando tranquilidad en cada elecci\u00f3n.<\/p>\n\n\n\n<p><strong>Dise\u00f1o arm\u00f3nico y sensorial<\/strong><\/p>\n\n\n\n<p>Priorizamos el cuidado del entorno con un dise\u00f1o armonioso y sensorial que brinda una calidez hogare\u00f1a inolvidable.<\/p>\n\n\n\n<p>Obten este servicio de la mano con programas elegibles por franquicia tributaria SENCE en alianza con un OTEC.<\/p>\n\n\n\n<div class=\"wp-block-buttons is-content-justification-center is-layout-flex wp-container-core-buttons-is-layout-a89b3969 wp-block-buttons-is-layout-flex\">\n<div class=\"wp-block-button\"><a class=\"wp-block-button__link has-text-align-center wp-element-button\" href=\"http:\/\/mail to: contacto@frutiflora.cl\" target=\"_blank\" rel=\"noreferrer noopener\"><strong>Ponerse en contacto<\/strong><\/a><\/div>\n<\/div>\n","protected":false},"excerpt":{"rendered":"<p>Creamos un espacio sensorial en el trabajo. Transformamos espacios laborales Integramos frutas frescas y flores naturales para revitalizar el ambiente laboral, creando un espacio m\u00e1s atractivo y agradable. Ayudamos en la estimulaci\u00f3n de sentidos La propuesta sensorial que ofrecemos estimula la vista, el olfato y el gusto, fomentando sensaciones positivas en los colaboradores. Acompa\u00f1amos en [&hellip;]<\/p>\n","protected":false},"author":1,"featured_media":0,"parent":0,"menu_order":0,"comment_status":"closed","ping_status":"closed","template":"","meta":{"_eb_attr":"","footnotes":""},"class_list":["post-333","page","type-page","status-publish","hentry"],"_hostinger_reach_plugin_has_subscription_block":false,"_hostinger_reach_plugin_is_elementor":false,"jetpack_sharing_enabled":true,"_links":{"self":[{"href":"https:\/\/frutiflora.cl\/es_cl\/wp-json\/wp\/v2\/pages\/333","targetHints":{"allow":["GET"]}}],"collection":[{"href":"https:\/\/frutiflora.cl\/es_cl\/wp-json\/wp\/v2\/pages"}],"about":[{"href":"https:\/\/frutiflora.cl\/es_cl\/wp-json\/wp\/v2\/types\/page"}],"author":[{"embeddable":true,"href":"https:\/\/frutiflora.cl\/es_cl\/wp-json\/wp\/v2\/users\/1"}],"replies":[{"embeddable":true,"href":"https:\/\/frutiflora.cl\/es_cl\/wp-json\/wp\/v2\/comments?post=333"}],"version-history":[{"count":9,"href":"https:\/\/frutiflora.cl\/es_cl\/wp-json\/wp\/v2\/pages\/333\/revisions"}],"predecessor-version":[{"id":580,"href":"https:\/\/frutiflora.cl\/es_cl\/wp-json\/wp\/v2\/pages\/333\/revisions\/580"}],"wp:attachment":[{"href":"https:\/\/frutiflora.cl\/es_cl\/wp-json\/wp\/v2\/media?parent=333"}],"curies":[{"name":"wp","href":"https:\/\/api.w.org\/{rel}","templated":true}]}}